{"id":10374,"date":"2024-04-19T10:30:07","date_gmt":"2024-04-19T10:30:07","guid":{"rendered":"https:\/\/wapteam-store.com.pl\/apdab\/?post_type=product&#038;p=10374"},"modified":"2026-03-30T10:22:02","modified_gmt":"2026-03-30T10:22:02","slug":"koszulka-meczowa","status":"publish","type":"product","link":"https:\/\/wapteam-store.com.pl\/apdab\/produkt\/koszulka-meczowa\/","title":{"rendered":"PROMOCJA!!! Koszulka meczowa AP D\u0105b Wieliszew Model 2024"},"content":{"rendered":"<p><strong>Specyfikacja produktu:<\/strong><\/p>\n<p>Koszulka z okr\u0105g\u0142ym dekoltem. Kontrol\u0119 wilgotno\u015bci cia\u0142a sportowca.<\/p>\n<div class=\"woocommerce-tabs wc-tabs-wrapper\">\n<div id=\"tab-description\" class=\"woocommerce-Tabs-panel woocommerce-Tabs-panel--description panel entry-content wc-tab\" role=\"tabpanel\" aria-labelledby=\"tab-title-description\">\n<p>*Cena zawiera nadruki dedykowane dla AP D\u0105b Wieliszew.<\/p>\n<p>* Zam\u00f3wiony spersonalizowany produkt nie podlega zwrotowi. W zwi\u0105zku z tym poprosimy o przemy\u015blane zakupy.<\/p>\n<\/div>\n<p>&nbsp;<\/p>\n<\/div>\n<section class=\"related products\"><\/section>\n","protected":false},"excerpt":{"rendered":"<blockquote>\n<h4><strong>Oferta wa\u017cna do wyczerpania zapas\u00f3w magazynowych<\/strong><\/h4>\n<\/blockquote>\n<h3>Charakterystyka<\/h3>\n<ul>\n<li>Okr\u0105g\u0142y dekolt<\/li>\n<li>Lekka i oddychaj\u0105ca tkanina<\/li>\n<li>Nadruk z logo<\/li>\n<li>Swoboda ruch\u00f3w<\/li>\n<li>100% Poliester<\/li>\n<\/ul>\n<p><strong>UWAGA !!! W\u00a0 zam\u00f3wieniu nale\u017cy poda\u0107 nr zawodnika ustalony z trenerem AP D\u0104B Wieliszew.<\/strong><\/p>\n","protected":false},"featured_media":10419,"template":"","meta":{"_eb_attr":"","_uag_custom_page_level_css":"","site-sidebar-layout":"default","site-content-layout":"","ast-site-content-layout":"default","site-content-style":"default","site-sidebar-style":"default","ast-global-header-display":"","ast-banner-title-visibility":"","ast-main-header-display":"","ast-hfb-above-header-display":"","ast-hfb-below-header-display":"","ast-hfb-mobile-header-display":"","site-post-title":"","ast-breadcrumbs-content":"","ast-featured-img":"","footer-sml-layout":"","theme-transparent-header-meta":"default","adv-header-id-meta":"","stick-header-meta":"","header-above-stick-meta":"","header-main-stick-meta":"","header-below-stick-meta":"","astra-migrate-meta-layouts":"set","ast-page-background-enabled":"default","ast-page-background-meta":{"desktop":{"background-color":"var(--ast-global-color-4)","background-image":"","background-repeat":"repeat","background-position":"center center","background-size":"auto","background-attachment":"scroll","background-type":"","background-media":"","overlay-type":"","overlay-color":"","overlay-opacity":"","overlay-gradient":""},"tablet":{"background-color":"","background-image":"","background-repeat":"repeat","background-position":"center center","background-size":"auto","background-attachment":"scroll","background-type":"","background-media":"","overlay-type":"","overlay-color":"","overlay-opacity":"","overlay-gradient":""},"mobile":{"background-color":"","background-image":"","background-repeat":"repeat","background-position":"center center","background-size":"auto","background-attachment":"scroll","background-type":"","background-media":"","overlay-type":"","overlay-color":"","overlay-opacity":"","overlay-gradient":""}},"ast-content-background-meta":{"desktop":{"background-color":"var(--ast-global-color-5)","background-image":"","background-repeat":"repeat","background-position":"center center","background-size":"auto","background-attachment":"scroll","background-type":"","background-media":"","overlay-type":"","overlay-color":"","overlay-opacity":"","overlay-gradient":""},"tablet":{"background-color":"var(--ast-global-color-5)","background-image":"","background-repeat":"repeat","background-position":"center center","background-size":"auto","background-attachment":"scroll","background-type":"","background-media":"","overlay-type":"","overlay-color":"","overlay-opacity":"","overlay-gradient":""},"mobile":{"background-color":"var(--ast-global-color-5)","background-image":"","background-repeat":"repeat","background-position":"center center","background-size":"auto","background-attachment":"scroll","background-type":"","background-media":"","overlay-type":"","overlay-color":"","overlay-opacity":"","overlay-gradient":""}}},"product_brand":[],"product_cat":[338],"product_tag":[],"class_list":{"0":"post-10374","1":"product","2":"type-product","3":"status-publish","4":"has-post-thumbnail","6":"product_cat-apdab","7":"product_shipping_class-wysylka-14-dni","8":"desktop-align-center","9":"tablet-align-left","10":"mobile-align-left","12":"first","13":"instock","14":"sale","15":"shipping-taxable","16":"purchasable","17":"product-type-variable"},"uagb_featured_image_src":{"full":["https:\/\/wapteam-store.com.pl\/apdab\/wp-content\/uploads\/2024\/04\/image_123650291-www.jpg",1800,1800,false],"thumbnail":["https:\/\/wapteam-store.com.pl\/apdab\/wp-content\/uploads\/2024\/04\/image_123650291-www-150x150.jpg",150,150,true],"medium":["https:\/\/wapteam-store.com.pl\/apdab\/wp-content\/uploads\/2024\/04\/image_123650291-www-300x300.jpg",300,300,true],"medium_large":["https:\/\/wapteam-store.com.pl\/apdab\/wp-content\/uploads\/2024\/04\/image_123650291-www-768x768.jpg",768,768,true],"large":["https:\/\/wapteam-store.com.pl\/apdab\/wp-content\/uploads\/2024\/04\/image_123650291-www-1024x1024.jpg",1024,1024,true],"1536x1536":["https:\/\/wapteam-store.com.pl\/apdab\/wp-content\/uploads\/2024\/04\/image_123650291-www-1536x1536.jpg",1536,1536,true],"2048x2048":["https:\/\/wapteam-store.com.pl\/apdab\/wp-content\/uploads\/2024\/04\/image_123650291-www.jpg",1800,1800,false],"woocommerce_thumbnail":["https:\/\/wapteam-store.com.pl\/apdab\/wp-content\/uploads\/2024\/04\/image_123650291-www-600x600.jpg",600,600,true],"woocommerce_single":["https:\/\/wapteam-store.com.pl\/apdab\/wp-content\/uploads\/2024\/04\/image_123650291-www-600x600.jpg",600,600,true],"woocommerce_gallery_thumbnail":["https:\/\/wapteam-store.com.pl\/apdab\/wp-content\/uploads\/2024\/04\/image_123650291-www-100x100.jpg",100,100,true]},"uagb_author_info":{"display_name":"Wojciech Piro\u017cek","author_link":"https:\/\/wapteam-store.com.pl\/apdab\/author\/"},"uagb_comment_info":0,"uagb_excerpt":"Oferta wa\u017cna do wyczerpania zapas\u00f3w magazynowych Charakterystyka Okr\u0105g\u0142y dekolt Lekka i oddychaj\u0105ca tkanina Nadruk z logo Swoboda ruch\u00f3w 100% Poliester UWAGA !!! W\u00a0 zam\u00f3wieniu nale\u017cy poda\u0107 nr zawodnika ustalony z trenerem AP D\u0104B Wieliszew.","_links":{"self":[{"href":"https:\/\/wapteam-store.com.pl\/apdab\/wp-json\/wp\/v2\/product\/10374","targetHints":{"allow":["GET"]}}],"collection":[{"href":"https:\/\/wapteam-store.com.pl\/apdab\/wp-json\/wp\/v2\/product"}],"about":[{"href":"https:\/\/wapteam-store.com.pl\/apdab\/wp-json\/wp\/v2\/types\/product"}],"wp:featuredmedia":[{"embeddable":true,"href":"https:\/\/wapteam-store.com.pl\/apdab\/wp-json\/wp\/v2\/media\/10419"}],"wp:attachment":[{"href":"https:\/\/wapteam-store.com.pl\/apdab\/wp-json\/wp\/v2\/media?parent=10374"}],"wp:term":[{"taxonomy":"product_brand","embeddable":true,"href":"https:\/\/wapteam-store.com.pl\/apdab\/wp-json\/wp\/v2\/product_brand?post=10374"},{"taxonomy":"product_cat","embeddable":true,"href":"https:\/\/wapteam-store.com.pl\/apdab\/wp-json\/wp\/v2\/product_cat?post=10374"},{"taxonomy":"product_tag","embeddable":true,"href":"https:\/\/wapteam-store.com.pl\/apdab\/wp-json\/wp\/v2\/product_tag?post=10374"}],"curies":[{"name":"wp","href":"https:\/\/api.w.org\/{rel}","templated":true}]}}