{"id":10911,"date":"2024-12-13T12:43:15","date_gmt":"2024-12-13T12:43:15","guid":{"rendered":"https:\/\/wapteam-store.com.pl\/boks\/?post_type=product&#038;p=10911"},"modified":"2025-07-30T08:05:29","modified_gmt":"2025-07-30T08:05:29","slug":"skarpety-joma-4-cm","status":"publish","type":"product","link":"https:\/\/wapteam-store.com.pl\/boks\/produkt\/skarpety-joma-4-cm\/","title":{"rendered":"Skarpety kr\u00f3tkie Joma"},"content":{"rendered":"<p>Kr\u00f3tka skarpeta 4 cm wysoko\u015bci. Wn\u0119trze, podeszwa, palce i pi\u0119ta s\u0105 zawini\u0119te.<\/p>\n","protected":false},"excerpt":{"rendered":"<h3>Charakterystyka<\/h3>\n<ul class=\"double-column\">\n<li>Elastyczna i oddychaj\u0105ca tkanina<\/li>\n<li>Elastyczne \u015bci\u0105gacze przy mankietach<\/li>\n<li>D\u0142ugo\u015b\u0107 do kostek<\/li>\n<li>75% Poliester, 25% Spandex<\/li>\n<\/ul>\n","protected":false},"featured_media":10936,"template":"","meta":{"_eb_attr":"","_uag_custom_page_level_css":"","site-sidebar-layout":"default","site-content-layout":"","ast-site-content-layout":"default","site-content-style":"default","site-sidebar-style":"default","ast-global-header-display":"","ast-banner-title-visibility":"","ast-main-header-display":"","ast-hfb-above-header-display":"","ast-hfb-below-header-display":"","ast-hfb-mobile-header-display":"","site-post-title":"","ast-breadcrumbs-content":"","ast-featured-img":"","footer-sml-layout":"","theme-transparent-header-meta":"default","adv-header-id-meta":"","stick-header-meta":"","header-above-stick-meta":"","header-main-stick-meta":"","header-below-stick-meta":"","astra-migrate-meta-layouts":"set","ast-page-background-enabled":"default","ast-page-background-meta":{"desktop":{"background-color":"var(--ast-global-color-4)","background-image":"","background-repeat":"repeat","background-position":"center center","background-size":"auto","background-attachment":"scroll","background-type":"","background-media":"","overlay-type":"","overlay-color":"","overlay-opacity":"","overlay-gradient":""},"tablet":{"background-color":"","background-image":"","background-repeat":"repeat","background-position":"center center","background-size":"auto","background-attachment":"scroll","background-type":"","background-media":"","overlay-type":"","overlay-color":"","overlay-opacity":"","overlay-gradient":""},"mobile":{"background-color":"","background-image":"","background-repeat":"repeat","background-position":"center center","background-size":"auto","background-attachment":"scroll","background-type":"","background-media":"","overlay-type":"","overlay-color":"","overlay-opacity":"","overlay-gradient":""}},"ast-content-background-meta":{"desktop":{"background-color":"var(--ast-global-color-5)","background-image":"","background-repeat":"repeat","background-position":"center center","background-size":"auto","background-attachment":"scroll","background-type":"","background-media":"","overlay-type":"","overlay-color":"","overlay-opacity":"","overlay-gradient":""},"tablet":{"background-color":"var(--ast-global-color-5)","background-image":"","background-repeat":"repeat","background-position":"center center","background-size":"auto","background-attachment":"scroll","background-type":"","background-media":"","overlay-type":"","overlay-color":"","overlay-opacity":"","overlay-gradient":""},"mobile":{"background-color":"var(--ast-global-color-5)","background-image":"","background-repeat":"repeat","background-position":"center center","background-size":"auto","background-attachment":"scroll","background-type":"","background-media":"","overlay-type":"","overlay-color":"","overlay-opacity":"","overlay-gradient":""}}},"product_brand":[],"product_cat":[338],"product_tag":[],"class_list":{"0":"post-10911","1":"product","2":"type-product","3":"status-publish","4":"has-post-thumbnail","6":"product_cat-boks","7":"product_shipping_class-wysylka-14-dni","8":"desktop-align-center","9":"tablet-align-left","10":"mobile-align-left","12":"first","13":"instock","14":"shipping-taxable","15":"purchasable","16":"product-type-variable"},"uagb_featured_image_src":{"full":["https:\/\/wapteam-store.com.pl\/boks\/wp-content\/uploads\/2024\/12\/4.png",2433,2165,false],"thumbnail":["https:\/\/wapteam-store.com.pl\/boks\/wp-content\/uploads\/2024\/12\/4-150x150.png",150,150,true],"medium":["https:\/\/wapteam-store.com.pl\/boks\/wp-content\/uploads\/2024\/12\/4-300x267.png",300,267,true],"medium_large":["https:\/\/wapteam-store.com.pl\/boks\/wp-content\/uploads\/2024\/12\/4-768x683.png",768,683,true],"large":["https:\/\/wapteam-store.com.pl\/boks\/wp-content\/uploads\/2024\/12\/4-1024x911.png",1024,911,true],"1536x1536":["https:\/\/wapteam-store.com.pl\/boks\/wp-content\/uploads\/2024\/12\/4-1536x1367.png",1536,1367,true],"2048x2048":["https:\/\/wapteam-store.com.pl\/boks\/wp-content\/uploads\/2024\/12\/4-2048x1822.png",2048,1822,true],"woocommerce_thumbnail":["https:\/\/wapteam-store.com.pl\/boks\/wp-content\/uploads\/2024\/12\/4-600x600.png",600,600,true],"woocommerce_single":["https:\/\/wapteam-store.com.pl\/boks\/wp-content\/uploads\/2024\/12\/4-600x534.png",600,534,true],"woocommerce_gallery_thumbnail":["https:\/\/wapteam-store.com.pl\/boks\/wp-content\/uploads\/2024\/12\/4-100x100.png",100,100,true]},"uagb_author_info":{"display_name":"Wojciech Piro\u017cek","author_link":"https:\/\/wapteam-store.com.pl\/boks\/author\/"},"uagb_comment_info":0,"uagb_excerpt":"Charakterystyka Elastyczna i oddychaj\u0105ca tkanina Elastyczne \u015bci\u0105gacze przy mankietach D\u0142ugo\u015b\u0107 do kostek 75% Poliester, 25% Spandex","_links":{"self":[{"href":"https:\/\/wapteam-store.com.pl\/boks\/wp-json\/wp\/v2\/product\/10911","targetHints":{"allow":["GET"]}}],"collection":[{"href":"https:\/\/wapteam-store.com.pl\/boks\/wp-json\/wp\/v2\/product"}],"about":[{"href":"https:\/\/wapteam-store.com.pl\/boks\/wp-json\/wp\/v2\/types\/product"}],"wp:featuredmedia":[{"embeddable":true,"href":"https:\/\/wapteam-store.com.pl\/boks\/wp-json\/wp\/v2\/media\/10936"}],"wp:attachment":[{"href":"https:\/\/wapteam-store.com.pl\/boks\/wp-json\/wp\/v2\/media?parent=10911"}],"wp:term":[{"taxonomy":"product_brand","embeddable":true,"href":"https:\/\/wapteam-store.com.pl\/boks\/wp-json\/wp\/v2\/product_brand?post=10911"},{"taxonomy":"product_cat","embeddable":true,"href":"https:\/\/wapteam-store.com.pl\/boks\/wp-json\/wp\/v2\/product_cat?post=10911"},{"taxonomy":"product_tag","embeddable":true,"href":"https:\/\/wapteam-store.com.pl\/boks\/wp-json\/wp\/v2\/product_tag?post=10911"}],"curies":[{"name":"wp","href":"https:\/\/api.w.org\/{rel}","templated":true}]}}